{"id":347,"date":"2013-02-27T20:44:17","date_gmt":"2013-02-27T19:44:17","guid":{"rendered":"http:\/\/wordpress.scheibler-family.de\/?page_id=2"},"modified":"2013-02-27T20:44:17","modified_gmt":"2013-02-27T19:44:17","slug":"sample-page-2","status":"publish","type":"page","link":"https:\/\/scheibler-family.de\/blog\/","title":{"rendered":"Willkommen"},"content":{"rendered":"<p>\t\t\t\tUnser Blog bietet mir und somit auch euch Lesern eine einfache M\u00f6glichkeit ein paar Informationen abzulegen, die man sonst immer wieder erz\u00e4hlen m\u00fcsste und sich dabei auf sein l\u00f6chriges Ged\u00e4chtnis verlassen muss.<\/p>\n<p>So hebe ich die Dinge hier auf und habe so auch ganz Nebenbei eine Ged\u00e4chtnisst\u00fctze f\u00fcr mich selbst.\t\t<\/p>\n","protected":false},"excerpt":{"rendered":"<p>Unser Blog bietet mir und somit auch euch Lesern eine einfache M\u00f6glichkeit ein paar Informationen abzulegen, die man sonst immer wieder erz\u00e4hlen m\u00fcsste und sich dabei auf sein l\u00f6chriges Ged\u00e4chtnis verlassen muss. So hebe ich die Dinge hier auf und habe so auch ganz Nebenbei eine Ged\u00e4chtnisst\u00fctze f\u00fcr mich selbst.<\/p>\n","protected":false},"author":1,"featured_media":0,"parent":0,"menu_order":0,"comment_status":"closed","ping_status":"closed","template":"template-frontpage.php","meta":{"ngg_post_thumbnail":0},"_links":{"self":[{"href":"https:\/\/scheibler-family.de\/blog\/wp-json\/wp\/v2\/pages\/347"}],"collection":[{"href":"https:\/\/scheibler-family.de\/blog\/wp-json\/wp\/v2\/pages"}],"about":[{"href":"https:\/\/scheibler-family.de\/blog\/wp-json\/wp\/v2\/types\/page"}],"author":[{"embeddable":true,"href":"https:\/\/scheibler-family.de\/blog\/wp-json\/wp\/v2\/users\/1"}],"replies":[{"embeddable":true,"href":"https:\/\/scheibler-family.de\/blog\/wp-json\/wp\/v2\/comments?post=347"}],"version-history":[{"count":0,"href":"https:\/\/scheibler-family.de\/blog\/wp-json\/wp\/v2\/pages\/347\/revisions"}],"wp:attachment":[{"href":"https:\/\/scheibler-family.de\/blog\/wp-json\/wp\/v2\/media?parent=347"}],"curies":[{"name":"wp","href":"https:\/\/api.w.org\/{rel}","templated":true}]}}